{"id":1451,"date":"2026-01-22T10:45:14","date_gmt":"2026-01-22T08:45:14","guid":{"rendered":"https:\/\/bife-sim.ro\/?page_id=1451"},"modified":"2026-03-25T14:49:02","modified_gmt":"2026-03-25T12:49:02","slug":"info-vizitatori","status":"publish","type":"page","link":"https:\/\/bife-sim.ro\/en\/info-vizitatori\/","title":{"rendered":"Vistors info"},"content":{"rendered":"<div class=\"wpb-content-wrapper\"><div class=\"vc_row wpb_row vc_row-fluid vc_row-o-equal-height vc_row-o-content-middle vc_row-flex\"><div class=\"wpb_column vc_column_container vc_col-sm-6\"><div class=\"vc_column-inner vc_custom_1561963982378\"><div class=\"wpb_wrapper\"><div id=\"ultimate-heading-37836a095fa69ea27\" class=\"uvc-heading ult-adjust-bottom-margin ultimate-heading-37836a095fa69ea27 uvc-414  uvc-heading-default-font-sizes\" data-hspacer=\"no_spacer\"  data-halign=\"left\" style=\"text-align:left\"><div class=\"uvc-heading-spacer no_spacer\" style=\"top\"><\/div><div class=\"uvc-sub-heading ult-responsive\"  data-ultimate-target='.uvc-heading.ultimate-heading-37836a095fa69ea27 .uvc-sub-heading '  data-responsive-json-new='{\"font-size\":\"\",\"line-height\":\"\"}'  style=\"font-weight:normal;\"><\/p>\n<p style=\"text-align: justify;\">Get in direct contact with the companies, technologies and professionals that are defining the new stage of industry development.<\/p>\n<p style=\"text-align: justify;\">BIFE-SIM 2026 is the platform where the furniture, architecture, design and woodworking industry community meets to build partnerships, identify solutions and generate real business opportunities. The expansion of the event into two pavilions confirms the amplitude of this edition and creates a clearer, more relevant and more efficient framework for professionals looking for concrete value.<\/p>\n<p style=\"text-align: justify;\">In Hall B2 you will find companies in the field of furniture, design, decorations, accessories and wood products, and in Hall B1 you will discover technology, machinery, equipment and innovative solutions for wood processing. The structure of the event facilitates quick access to relevant exhibitors, comparison of offers and organization of productive meetings in a professional context.<\/p>\n<p><\/div><\/div><\/div><\/div><\/div><div class=\"wpb_column vc_column_container vc_col-sm-6\"><div class=\"vc_column-inner\"><div class=\"wpb_wrapper\">\n\t<div  class=\"wpb_single_image wpb_content_element vc_align_left  vc_custom_1769071280052\">\n\t\t\n\t\t<figure class=\"wpb_wrapper vc_figure\">\n\t\t\t<div class=\"vc_single_image-wrapper   vc_box_border_grey\"><img loading=\"lazy\" decoding=\"async\" width=\"2560\" height=\"1441\" src=\"https:\/\/bife-sim.ro\/wp-content\/uploads\/2026\/01\/20250920_132359-scaled.jpg\" class=\"vc_single_image-img attachment-full\" alt=\"\" title=\"20250920_132359\" srcset=\"https:\/\/bife-sim.ro\/wp-content\/uploads\/2026\/01\/20250920_132359-scaled.jpg 2560w, https:\/\/bife-sim.ro\/wp-content\/uploads\/2026\/01\/20250920_132359-300x169.jpg 300w, https:\/\/bife-sim.ro\/wp-content\/uploads\/2026\/01\/20250920_132359-1024x577.jpg 1024w, https:\/\/bife-sim.ro\/wp-content\/uploads\/2026\/01\/20250920_132359-768x432.jpg 768w, https:\/\/bife-sim.ro\/wp-content\/uploads\/2026\/01\/20250920_132359-1536x865.jpg 1536w, https:\/\/bife-sim.ro\/wp-content\/uploads\/2026\/01\/20250920_132359-2048x1153.jpg 2048w\" sizes=\"auto, (max-width: 2560px) 100vw, 2560px\"  data-dt-location=\"https:\/\/bife-sim.ro\/en\/info-vizitatori\/20250920_132359\/\" \/><\/div>\n\t\t<\/figure>\n\t<\/div>\n<\/div><\/div><\/div><\/div><div class=\"vc_row wpb_row vc_row-fluid vc_row-o-equal-height vc_row-o-content-middle vc_row-flex\"><div class=\"wpb_column vc_column_container vc_col-sm-6\"><div class=\"vc_column-inner vc_custom_1561963982378\"><div class=\"wpb_wrapper\">\n\t<div  class=\"wpb_single_image wpb_content_element vc_align_left  vc_custom_1773761372459\">\n\t\t\n\t\t<figure class=\"wpb_wrapper vc_figure\">\n\t\t\t<div class=\"vc_single_image-wrapper   vc_box_border_grey\"><img loading=\"lazy\" decoding=\"async\" width=\"2560\" height=\"1441\" src=\"https:\/\/bife-sim.ro\/wp-content\/uploads\/2026\/03\/20250921_132553-scaled.jpg\" class=\"vc_single_image-img attachment-full\" alt=\"\" title=\"20250921_132553\" srcset=\"https:\/\/bife-sim.ro\/wp-content\/uploads\/2026\/03\/20250921_132553-scaled.jpg 2560w, https:\/\/bife-sim.ro\/wp-content\/uploads\/2026\/03\/20250921_132553-300x169.jpg 300w, https:\/\/bife-sim.ro\/wp-content\/uploads\/2026\/03\/20250921_132553-1024x577.jpg 1024w, https:\/\/bife-sim.ro\/wp-content\/uploads\/2026\/03\/20250921_132553-768x432.jpg 768w, https:\/\/bife-sim.ro\/wp-content\/uploads\/2026\/03\/20250921_132553-1536x865.jpg 1536w, https:\/\/bife-sim.ro\/wp-content\/uploads\/2026\/03\/20250921_132553-2048x1153.jpg 2048w\" sizes=\"auto, (max-width: 2560px) 100vw, 2560px\"  data-dt-location=\"https:\/\/bife-sim.ro\/en\/info-vizitatori\/20250921_132553\/\" \/><\/div>\n\t\t<\/figure>\n\t<\/div>\n<\/div><\/div><\/div><div class=\"wpb_column vc_column_container vc_col-sm-6\"><div class=\"vc_column-inner\"><div class=\"wpb_wrapper\"><div id=\"ultimate-heading-5586a095fa69fd15\" class=\"uvc-heading ult-adjust-bottom-margin ultimate-heading-5586a095fa69fd15 uvc-8526  uvc-heading-default-font-sizes\" data-hspacer=\"no_spacer\"  data-halign=\"left\" style=\"text-align:left\"><div class=\"uvc-heading-spacer no_spacer\" style=\"top\"><\/div><div class=\"uvc-sub-heading ult-responsive\"  data-ultimate-target='.uvc-heading.ultimate-heading-5586a095fa69fd15 .uvc-sub-heading '  data-responsive-json-new='{\"font-size\":\"\",\"line-height\":\"\"}'  style=\"font-weight:normal;\"><\/p>\n<p style=\"text-align: justify;\">For architects, designers, manufacturers, distributors, retailers, importers, suppliers and other specialists in the field, BIFE-SIM 2026 represents a strategic opportunity to update market information, evaluate new directions in the industry and initiate collaborations with long-term impact.<\/p>\n<p style=\"text-align: justify;\">Participating as a visitor means access to a relevant ecosystem, direct dialogue with important market players, and a clear picture of how the industry is transforming.<\/p>\n<p style=\"text-align: justify;\">Plan your participation and be present where decisions, innovation and the future of the industry meet.<\/p>\n<p><\/div><\/div><\/div><\/div><\/div><\/div><div class=\"vc_row wpb_row vc_row-fluid vc_row-o-equal-height vc_row-o-content-middle vc_row-flex\"><div class=\"wpb_column vc_column_container vc_col-sm-6\"><div class=\"vc_column-inner\"><div class=\"wpb_wrapper\"><div id=\"ultimate-heading-53006a095fa6a0078\" class=\"uvc-heading ult-adjust-bottom-margin ultimate-heading-53006a095fa6a0078 uvc-3773  uvc-heading-default-font-sizes\" data-hspacer=\"no_spacer\"  data-halign=\"left\" style=\"text-align:left\"><div class=\"uvc-heading-spacer no_spacer\" style=\"top\"><\/div><div class=\"uvc-sub-heading ult-responsive\"  data-ultimate-target='.uvc-heading.ultimate-heading-53006a095fa6a0078 .uvc-sub-heading '  data-responsive-json-new='{\"font-size\":\"\",\"line-height\":\"\"}'  style=\"font-weight:normal;\">September 17 \u2013 September 19, 2026 (Thursday \u2013 Saturday) time interval 10:00 \u2013 18:00<\/p>\n<p>September 20, 2026 (Sunday), time interval 10:00 \u2013 16:00<\/p>\n<p>Pedestrian access: Gates A and B<\/p>\n<p>Entrance ticket: 20 lei\/day<\/p>\n<p>Car access: Parking B and C<\/p>\n<p>Parking fee: 10 lei\/hour<\/p>\n<p>Hall B1 and B2<\/div><\/div><\/div><\/div><\/div><div class=\"wpb_column vc_column_container vc_col-sm-6\"><div class=\"vc_column-inner vc_custom_1562003166274\"><div class=\"wpb_wrapper\">\n\t<div  class=\"wpb_single_image wpb_content_element vc_align_left  vc_custom_1773817207400\">\n\t\t\n\t\t<figure class=\"wpb_wrapper vc_figure\">\n\t\t\t<div class=\"vc_single_image-wrapper   vc_box_border_grey\"><img loading=\"lazy\" decoding=\"async\" width=\"2560\" height=\"1920\" src=\"https:\/\/bife-sim.ro\/wp-content\/uploads\/2026\/03\/18-scaled.jpeg\" class=\"vc_single_image-img attachment-full\" alt=\"\" title=\"18\" srcset=\"https:\/\/bife-sim.ro\/wp-content\/uploads\/2026\/03\/18-scaled.jpeg 2560w, https:\/\/bife-sim.ro\/wp-content\/uploads\/2026\/03\/18-300x225.jpeg 300w, https:\/\/bife-sim.ro\/wp-content\/uploads\/2026\/03\/18-1024x768.jpeg 1024w, https:\/\/bife-sim.ro\/wp-content\/uploads\/2026\/03\/18-768x576.jpeg 768w, https:\/\/bife-sim.ro\/wp-content\/uploads\/2026\/03\/18-1536x1152.jpeg 1536w, https:\/\/bife-sim.ro\/wp-content\/uploads\/2026\/03\/18-2048x1536.jpeg 2048w\" sizes=\"auto, (max-width: 2560px) 100vw, 2560px\"  data-dt-location=\"https:\/\/bife-sim.ro\/en\/info-vizitatori\/attachment\/18\/\" \/><\/div>\n\t\t<\/figure>\n\t<\/div>\n<\/div><\/div><\/div><\/div>\n<\/div>","protected":false},"excerpt":{"rendered":"<p>Intr\u0103 \u00een contact direct cu companiile, tehnologiile \u0219i profesioni\u0219tii care definesc noua etap\u0103 de dezvoltare a industriei. BIFE-SIM 2026 este platforma \u00een care comunitatea industriei de mobil\u0103, arhitectur\u0103, design \u0219i prelucrarea lemnului se \u00eent\u00e2lne\u0219te pentru a construi parteneriate, a identifica solu\u021bii \u0219i a genera oportunit\u0103\u021bi reale de business. Extinderea evenimentului \u00een dou\u0103 pavilioane confirm\u0103 amplitudinea&hellip;<\/p>","protected":false},"author":1,"featured_media":0,"parent":0,"menu_order":0,"comment_status":"closed","ping_status":"closed","template":"","meta":{"_monsterinsights_skip_tracking":false,"_monsterinsights_sitenote_active":false,"_monsterinsights_sitenote_note":"","_monsterinsights_sitenote_category":0,"_uf_show_specific_survey":0,"_uf_disable_surveys":false,"footnotes":""},"class_list":["post-1451","page","type-page","status-publish","hentry","description-off"],"aioseo_notices":[],"jetpack_sharing_enabled":true,"_links":{"self":[{"href":"https:\/\/bife-sim.ro\/en\/wp-json\/wp\/v2\/pages\/1451","targetHints":{"allow":["GET"]}}],"collection":[{"href":"https:\/\/bife-sim.ro\/en\/wp-json\/wp\/v2\/pages"}],"about":[{"href":"https:\/\/bife-sim.ro\/en\/wp-json\/wp\/v2\/types\/page"}],"author":[{"embeddable":true,"href":"https:\/\/bife-sim.ro\/en\/wp-json\/wp\/v2\/users\/1"}],"replies":[{"embeddable":true,"href":"https:\/\/bife-sim.ro\/en\/wp-json\/wp\/v2\/comments?post=1451"}],"version-history":[{"count":15,"href":"https:\/\/bife-sim.ro\/en\/wp-json\/wp\/v2\/pages\/1451\/revisions"}],"predecessor-version":[{"id":1638,"href":"https:\/\/bife-sim.ro\/en\/wp-json\/wp\/v2\/pages\/1451\/revisions\/1638"}],"wp:attachment":[{"href":"https:\/\/bife-sim.ro\/en\/wp-json\/wp\/v2\/media?parent=1451"}],"curies":[{"name":"wp","href":"https:\/\/api.w.org\/{rel}","templated":true}]}}