{"id":1476,"date":"2026-01-22T11:34:53","date_gmt":"2026-01-22T09:34:53","guid":{"rendered":"https:\/\/bife-sim.ro\/?page_id=1476"},"modified":"2026-03-17T17:31:45","modified_gmt":"2026-03-17T15:31:45","slug":"evenimente-conexe","status":"publish","type":"page","link":"https:\/\/bife-sim.ro\/en\/evenimente-conexe\/","title":{"rendered":"Evenimente Conexe"},"content":{"rendered":"<div class=\"wpb-content-wrapper\"><div class=\"vc_row wpb_row vc_row-fluid vc_row-o-equal-height vc_row-o-content-middle vc_row-flex\"><div class=\"wpb_column vc_column_container vc_col-sm-12\"><div class=\"vc_column-inner vc_custom_1561963982378\"><div class=\"wpb_wrapper\"><div id=\"ultimate-heading-133869e54449b3a9d\" class=\"uvc-heading ult-adjust-bottom-margin ultimate-heading-133869e54449b3a9d uvc-3411\" data-hspacer=\"no_spacer\"  data-halign=\"center\" style=\"text-align:center\"><div class=\"uvc-heading-spacer no_spacer\" style=\"top\"><\/div><div class=\"uvc-main-heading ult-responsive\"  data-ultimate-target='.uvc-heading.ultimate-heading-133869e54449b3a9d h2'  data-responsive-json-new='{\"font-size\":\"desktop:20px;\",\"line-height\":\"\"}' ><h2 style=\"--font-weight:theme;color:#000000;margin-bottom:30px;\">\u00cen cur\u00e2nd, descoperi\u021bi evenimentele conexe care completeaz\u0103 experien\u021ba BIFE-SIM 2026 cu inspira\u021bie, dialog \u0219i idei valoroase. V\u0103 a\u0219tept\u0103m s\u0103 fim \u00eempreun\u0103 parte din aceast\u0103 edi\u021bie.<\/h2><\/div><\/div><\/div><\/div><\/div><\/div><div class=\"vc_row wpb_row vc_row-fluid vc_row-o-equal-height vc_row-o-content-middle vc_row-flex\"><div class=\"wpb_column vc_column_container vc_col-sm-12\"><div class=\"vc_column-inner vc_custom_1561963982378\"><div class=\"wpb_wrapper\">\n\t<div  class=\"wpb_single_image wpb_content_element vc_align_center\">\n\t\t\n\t\t<figure class=\"wpb_wrapper vc_figure\">\n\t\t\t<div class=\"vc_single_image-wrapper   vc_box_border_grey\"><img loading=\"lazy\" decoding=\"async\" width=\"2560\" height=\"1440\" src=\"https:\/\/bife-sim.ro\/wp-content\/uploads\/2026\/03\/banner-site-BIFE-SIM-2026-concept-2-R2-3-1920x1080-R2-2xRes_01-scaled.png\" class=\"vc_single_image-img attachment-full\" alt=\"\" title=\"banner site BIFE-SIM 2026 concept 2 R2 3 1920x1080 R2 2xRes_01\" srcset=\"https:\/\/bife-sim.ro\/wp-content\/uploads\/2026\/03\/banner-site-BIFE-SIM-2026-concept-2-R2-3-1920x1080-R2-2xRes_01-scaled.png 2560w, https:\/\/bife-sim.ro\/wp-content\/uploads\/2026\/03\/banner-site-BIFE-SIM-2026-concept-2-R2-3-1920x1080-R2-2xRes_01-300x169.png 300w, https:\/\/bife-sim.ro\/wp-content\/uploads\/2026\/03\/banner-site-BIFE-SIM-2026-concept-2-R2-3-1920x1080-R2-2xRes_01-1024x576.png 1024w, https:\/\/bife-sim.ro\/wp-content\/uploads\/2026\/03\/banner-site-BIFE-SIM-2026-concept-2-R2-3-1920x1080-R2-2xRes_01-768x432.png 768w, https:\/\/bife-sim.ro\/wp-content\/uploads\/2026\/03\/banner-site-BIFE-SIM-2026-concept-2-R2-3-1920x1080-R2-2xRes_01-1536x864.png 1536w, https:\/\/bife-sim.ro\/wp-content\/uploads\/2026\/03\/banner-site-BIFE-SIM-2026-concept-2-R2-3-1920x1080-R2-2xRes_01-2048x1152.png 2048w\" sizes=\"auto, (max-width: 2560px) 100vw, 2560px\"  data-dt-location=\"https:\/\/bife-sim.ro\/en\/evenimente-conexe\/banner-site-bife-sim-2026-concept-2-r2-3-1920x1080-r2-2xres_01\/\" \/><\/div>\n\t\t<\/figure>\n\t<\/div>\n<\/div><\/div><\/div><\/div>\n<\/div>","protected":false},"excerpt":{"rendered":"<p>\u00cen cur\u00e2nd, descoperi\u021bi evenimentele conexe care completeaz\u0103 experien\u021ba BIFE-SIM 2026 cu inspira\u021bie, dialog \u0219i idei valoroase. V\u0103 a\u0219tept\u0103m s\u0103 fim \u00eempreun\u0103 parte din aceast\u0103 edi\u021bie.<\/p>","protected":false},"author":1,"featured_media":0,"parent":0,"menu_order":0,"comment_status":"closed","ping_status":"closed","template":"","meta":{"_monsterinsights_skip_tracking":false,"_monsterinsights_sitenote_active":false,"_monsterinsights_sitenote_note":"","_monsterinsights_sitenote_category":0,"_uf_show_specific_survey":0,"_uf_disable_surveys":false,"footnotes":""},"class_list":["post-1476","page","type-page","status-publish","hentry","description-off"],"aioseo_notices":[],"jetpack_sharing_enabled":true,"_links":{"self":[{"href":"https:\/\/bife-sim.ro\/en\/wp-json\/wp\/v2\/pages\/1476","targetHints":{"allow":["GET"]}}],"collection":[{"href":"https:\/\/bife-sim.ro\/en\/wp-json\/wp\/v2\/pages"}],"about":[{"href":"https:\/\/bife-sim.ro\/en\/wp-json\/wp\/v2\/types\/page"}],"author":[{"embeddable":true,"href":"https:\/\/bife-sim.ro\/en\/wp-json\/wp\/v2\/users\/1"}],"replies":[{"embeddable":true,"href":"https:\/\/bife-sim.ro\/en\/wp-json\/wp\/v2\/comments?post=1476"}],"version-history":[{"count":7,"href":"https:\/\/bife-sim.ro\/en\/wp-json\/wp\/v2\/pages\/1476\/revisions"}],"predecessor-version":[{"id":1569,"href":"https:\/\/bife-sim.ro\/en\/wp-json\/wp\/v2\/pages\/1476\/revisions\/1569"}],"wp:attachment":[{"href":"https:\/\/bife-sim.ro\/en\/wp-json\/wp\/v2\/media?parent=1476"}],"curies":[{"name":"wp","href":"https:\/\/api.w.org\/{rel}","templated":true}]}}