{"id":1570,"date":"2026-03-17T17:46:32","date_gmt":"2026-03-17T15:46:32","guid":{"rendered":"https:\/\/bife-sim.ro\/?page_id=1570"},"modified":"2026-03-31T15:13:41","modified_gmt":"2026-03-31T12:13:41","slug":"formulare-si-conditii-de-inscriere","status":"publish","type":"page","link":"https:\/\/bife-sim.ro\/en\/formulare-si-conditii-de-inscriere\/","title":{"rendered":"Registration forms and conditions"},"content":{"rendered":"<div class=\"wpb-content-wrapper\"><div class=\"vc_row wpb_row vc_row-fluid vc_custom_1561964153013 vc_row-o-equal-height vc_row-o-content-middle vc_row-flex\"><div class=\"wpb_column vc_column_container vc_col-sm-12\"><div class=\"vc_column-inner\"><div class=\"wpb_wrapper\"><div class=\"dt-fancy-separator title-left h3-size style-disabled\" style=\"width: 100%;\"><div class=\"dt-fancy-title\" style=\"color: #000000;\"><span class=\"separator-holder separator-left\"><\/span>1. Fill out the registration forms<span class=\"separator-holder separator-right\"><\/span><\/div><\/div><\/div><\/div><\/div><\/div><div class=\"vc_row wpb_row vc_row-fluid vc_custom_1561964153013 vc_row-o-equal-height vc_row-o-content-middle vc_row-flex\"><div class=\"wpb_column vc_column_container vc_col-sm-4\"><div class=\"vc_column-inner\"><div class=\"wpb_wrapper\"><div class=\"aio-icon-component   accent-icon-bg style_2\"><a class=\"aio-icon-box-link\" href=\"https:\/\/bife-sim.ro\/wp-content\/uploads\/2026\/02\/form_en\/Application-contract-2026-BIFE-SIM_DIGITAL.pdf\" target=\"_blank\" rel=\"noopener\" ><div id=\"Info-box-wrap-3982\" class=\"aio-icon-box top-icon\" style=\"\"  ><div class=\"aio-icon-top\"><div class=\"ult-just-icon-wrapper\"><div class=\"align-icon\" style=\"text-align:center;\">\n<div class=\"aio-icon circle\"  style=\"color:#FFFFFF;background:#00000000;font-size:20px;display:inline-block;\">\n\t<i class=\"dt-icon-the7-misc-006-2\"><\/i>\n<\/div><\/div><\/div><\/div><div class=\"aio-icon-header\" ><h3 class=\"aio-icon-title ult-responsive\"  data-ultimate-target='#Info-box-wrap-3982 .aio-icon-title'  data-responsive-json-new='{\"font-size\":\"desktop:15px;\",\"line-height\":\"desktop:30px;\"}'  style=\"\">Application Form<\/h3><\/div> <!-- header --><\/div> <!-- aio-icon-box --><\/a><\/div> <!-- aio-icon-component --><div class=\"aio-icon-component   accent-icon-bg style_2\"><a class=\"aio-icon-box-link\" href=\"https:\/\/bife-sim.ro\/wp-content\/uploads\/2026\/02\/form_ro\/F3-CO-EXPOZANTI-2026-BIFE-SIM__DIGITAL.pdf\" target=\"_blank\" rel=\"noopener\" ><div id=\"Info-box-wrap-4475\" class=\"aio-icon-box top-icon\" style=\"\"  ><div class=\"aio-icon-top\"><div class=\"ult-just-icon-wrapper\"><div class=\"align-icon\" style=\"text-align:center;\">\n<div class=\"aio-icon circle\"  style=\"color:#FFFFFF;background:#00000000;font-size:20px;display:inline-block;\">\n\t<i class=\"dt-icon-the7-misc-006-2\"><\/i>\n<\/div><\/div><\/div><\/div><div class=\"aio-icon-header\" ><h3 class=\"aio-icon-title ult-responsive\"  data-ultimate-target='#Info-box-wrap-4475 .aio-icon-title'  data-responsive-json-new='{\"font-size\":\"desktop:15px;\",\"line-height\":\"desktop:30px;\"}'  style=\"\">Co-Exhibitors Participation<\/h3><\/div> <!-- header --><\/div> <!-- aio-icon-box --><\/a><\/div> <!-- aio-icon-component --><\/div><\/div><\/div><div class=\"wpb_column vc_column_container vc_col-sm-4\"><div class=\"vc_column-inner\"><div class=\"wpb_wrapper\"><div class=\"aio-icon-component   accent-icon-bg style_2\"><a class=\"aio-icon-box-link\" href=\"https:\/\/bife-sim.ro\/wp-content\/uploads\/2026\/02\/form_ro\/F1-ConstructieStand-2026-BIFE-SIM_DIGITAL.pdf\" target=\"_blank\" rel=\"noopener\" ><div id=\"Info-box-wrap-5048\" class=\"aio-icon-box top-icon\" style=\"\"  ><div class=\"aio-icon-top\"><div class=\"ult-just-icon-wrapper\"><div class=\"align-icon\" style=\"text-align:center;\">\n<div class=\"aio-icon circle\"  style=\"color:#FFFFFF;background:#00000000;font-size:20px;display:inline-block;\">\n\t<i class=\"dt-icon-the7-misc-006-2\"><\/i>\n<\/div><\/div><\/div><\/div><div class=\"aio-icon-header\" ><h3 class=\"aio-icon-title ult-responsive\"  data-ultimate-target='#Info-box-wrap-5048 .aio-icon-title'  data-responsive-json-new='{\"font-size\":\"desktop:15px;\",\"line-height\":\"desktop:30px;\"}'  style=\"\">Stand Construction<\/h3><\/div> <!-- header --><\/div> <!-- aio-icon-box --><\/a><\/div> <!-- aio-icon-component --><div class=\"aio-icon-component   accent-icon-bg style_2\"><a class=\"aio-icon-box-link\" href=\"https:\/\/bife-sim.ro\/wp-content\/uploads\/2026\/02\/form_ro\/F5-Stand-terti-2026-BIFE-SIM__DIGITAL.pdf\" target=\"_blank\" rel=\"noopener\" ><div id=\"Info-box-wrap-2831\" class=\"aio-icon-box top-icon\" style=\"\"  ><div class=\"aio-icon-top\"><div class=\"ult-just-icon-wrapper\"><div class=\"align-icon\" style=\"text-align:center;\">\n<div class=\"aio-icon circle\"  style=\"color:#FFFFFF;background:#00000000;font-size:20px;display:inline-block;\">\n\t<i class=\"dt-icon-the7-misc-006-2\"><\/i>\n<\/div><\/div><\/div><\/div><div class=\"aio-icon-header\" ><h3 class=\"aio-icon-title ult-responsive\"  data-ultimate-target='#Info-box-wrap-2831 .aio-icon-title'  data-responsive-json-new='{\"font-size\":\"desktop:15px;\",\"line-height\":\"desktop:30px;\"}'  style=\"\">Arrangement with Out Facilities \/ Third Parties<\/h3><\/div> <!-- header --><\/div> <!-- aio-icon-box --><\/a><\/div> <!-- aio-icon-component --><\/div><\/div><\/div><div class=\"wpb_column vc_column_container vc_col-sm-4\"><div class=\"vc_column-inner\"><div class=\"wpb_wrapper\"><div class=\"aio-icon-component   accent-icon-bg style_2\"><a class=\"aio-icon-box-link\" href=\"https:\/\/bife-sim.ro\/wp-content\/uploads\/2026\/02\/form_ro\/F2-Tematica-BIFE-SIM.pdf\" target=\"_blank\" rel=\"noopener\" ><div id=\"Info-box-wrap-8475\" class=\"aio-icon-box top-icon\" style=\"\"  ><div class=\"aio-icon-top\"><div class=\"ult-just-icon-wrapper\"><div class=\"align-icon\" style=\"text-align:center;\">\n<div class=\"aio-icon circle\"  style=\"color:#FFFFFF;background:#00000000;font-size:20px;display:inline-block;\">\n\t<i class=\"dt-icon-the7-misc-006-2\"><\/i>\n<\/div><\/div><\/div><\/div><div class=\"aio-icon-header\" ><h3 class=\"aio-icon-title ult-responsive\"  data-ultimate-target='#Info-box-wrap-8475 .aio-icon-title'  data-responsive-json-new='{\"font-size\":\"desktop:15px;\",\"line-height\":\"desktop:30px;\"}'  style=\"\">Exhibition Themes<\/h3><\/div> <!-- header --><\/div> <!-- aio-icon-box --><\/a><\/div> <!-- aio-icon-component --><div class=\"aio-icon-component   accent-icon-bg style_2\"><a class=\"aio-icon-box-link\" href=\"https:\/\/bife-sim.ro\/wp-content\/uploads\/2026\/02\/form_ro\/F6-ProtectieDate-2026-BIFE-SIM_DIGITAL.pdf\" target=\"_blank\" rel=\"noopener\" ><div id=\"Info-box-wrap-4361\" class=\"aio-icon-box top-icon\" style=\"\"  ><div class=\"aio-icon-top\"><div class=\"ult-just-icon-wrapper\"><div class=\"align-icon\" style=\"text-align:center;\">\n<div class=\"aio-icon circle\"  style=\"color:#FFFFFF;background:#00000000;font-size:20px;display:inline-block;\">\n\t<i class=\"dt-icon-the7-misc-006-2\"><\/i>\n<\/div><\/div><\/div><\/div><div class=\"aio-icon-header\" ><h3 class=\"aio-icon-title ult-responsive\"  data-ultimate-target='#Info-box-wrap-4361 .aio-icon-title'  data-responsive-json-new='{\"font-size\":\"desktop:15px;\",\"line-height\":\"desktop:30px;\"}'  style=\"\">Data Protection<\/h3><\/div> <!-- header --><\/div> <!-- aio-icon-box --><\/a><\/div> <!-- aio-icon-component --><\/div><\/div><\/div><\/div><div class=\"vc_row wpb_row vc_row-fluid vc_custom_1561964153013 vc_row-o-equal-height vc_row-o-content-middle vc_row-flex\"><div class=\"wpb_column vc_column_container vc_col-sm-12\"><div class=\"vc_column-inner\"><div class=\"wpb_wrapper\"><div class=\"dt-fancy-separator title-left h3-size style-disabled\" style=\"width: 100%;\"><div class=\"dt-fancy-title\" style=\"color: #000000;\"><span class=\"separator-holder separator-left\"><\/span>2. Fill out the form according to your needs<span class=\"separator-holder separator-right\"><\/span><\/div><\/div><\/div><\/div><\/div><\/div><div class=\"vc_row wpb_row vc_row-fluid vc_custom_1774959219633\"><div class=\"wpb_column vc_column_container vc_col-sm-3\"><div class=\"vc_column-inner\"><div class=\"wpb_wrapper\"><div class=\"aio-icon-component   accent-icon-bg style_2\"><a class=\"aio-icon-box-link\" href=\"https:\/\/bife-sim.ro\/wp-content\/uploads\/2026\/02\/form_en\/Application-contract-2026-BIFE-SIM_DIGITAL.pdf\" target=\"_blank\" rel=\"noopener\" ><div id=\"Info-box-wrap-2432\" class=\"aio-icon-box top-icon\" style=\"\"  ><div class=\"aio-icon-top\"><div class=\"ult-just-icon-wrapper\"><div class=\"align-icon\" style=\"text-align:center;\">\n<div class=\"aio-icon circle\"  style=\"color:#FFFFFF;background:#00000000;font-size:20px;display:inline-block;\">\n\t<i class=\"dt-icon-the7-misc-006-2\"><\/i>\n<\/div><\/div><\/div><\/div><div class=\"aio-icon-header\" ><h3 class=\"aio-icon-title ult-responsive\"  data-ultimate-target='#Info-box-wrap-2432 .aio-icon-title'  data-responsive-json-new='{\"font-size\":\"desktop:15px;\",\"line-height\":\"desktop:30px;\"}'  style=\"\">\u00cenchiriere mobilier<\/h3><\/div> <!-- header --><\/div> <!-- aio-icon-box --><\/a><\/div> <!-- aio-icon-component --><div class=\"aio-icon-component   accent-icon-bg style_2\"><a class=\"aio-icon-box-link\" href=\"https:\/\/bife-sim.ro\/wp-content\/uploads\/2026\/02\/form_ro\/F3-CO-EXPOZANTI-2026-BIFE-SIM__DIGITAL.pdf\" target=\"_blank\" rel=\"noopener\" ><div id=\"Info-box-wrap-8909\" class=\"aio-icon-box top-icon\" style=\"\"  ><div class=\"aio-icon-top\"><div class=\"ult-just-icon-wrapper\"><div class=\"align-icon\" style=\"text-align:center;\">\n<div class=\"aio-icon circle\"  style=\"color:#FFFFFF;background:#00000000;font-size:20px;display:inline-block;\">\n\t<i class=\"dt-icon-the7-misc-006-2\"><\/i>\n<\/div><\/div><\/div><\/div><div class=\"aio-icon-header\" ><h3 class=\"aio-icon-title ult-responsive\"  data-ultimate-target='#Info-box-wrap-8909 .aio-icon-title'  data-responsive-json-new='{\"font-size\":\"desktop:15px;\",\"line-height\":\"desktop:30px;\"}'  style=\"\">Reclam\u0103 Indoor \/ Outdoor<\/h3><\/div> <!-- header --><\/div> <!-- aio-icon-box --><\/a><\/div> <!-- aio-icon-component --><div class=\"aio-icon-component   accent-icon-bg style_2\"><a class=\"aio-icon-box-link\" href=\"https:\/\/bife-sim.ro\/wp-content\/uploads\/2026\/02\/form_ro\/F3-CO-EXPOZANTI-2026-BIFE-SIM__DIGITAL.pdf\" target=\"_blank\" rel=\"noopener\" ><div id=\"Info-box-wrap-8895\" class=\"aio-icon-box top-icon\" style=\"\"  ><div class=\"aio-icon-top\"><div class=\"ult-just-icon-wrapper\"><div class=\"align-icon\" style=\"text-align:center;\">\n<div class=\"aio-icon circle\"  style=\"color:#FFFFFF;background:#00000000;font-size:20px;display:inline-block;\">\n\t<i class=\"dt-icon-the7-misc-006-2\"><\/i>\n<\/div><\/div><\/div><\/div><div class=\"aio-icon-header\" ><h3 class=\"aio-icon-title ult-responsive\"  data-ultimate-target='#Info-box-wrap-8895 .aio-icon-title'  data-responsive-json-new='{\"font-size\":\"desktop:15px;\",\"line-height\":\"desktop:30px;\"}'  style=\"\">Parking-uri<\/h3><\/div> <!-- header --><\/div> <!-- aio-icon-box --><\/a><\/div> <!-- aio-icon-component --><div class=\"aio-icon-component   accent-icon-bg style_2\"><a class=\"aio-icon-box-link\" href=\"https:\/\/bife-sim.ro\/wp-content\/uploads\/2026\/02\/form_ro\/F3-CO-EXPOZANTI-2026-BIFE-SIM__DIGITAL.pdf\" target=\"_blank\" rel=\"noopener\" ><div id=\"Info-box-wrap-1417\" class=\"aio-icon-box top-icon\" style=\"\"  ><div class=\"aio-icon-top\"><div class=\"ult-just-icon-wrapper\"><div class=\"align-icon\" style=\"text-align:center;\">\n<div class=\"aio-icon circle\"  style=\"color:#FFFFFF;background:#00000000;font-size:20px;display:inline-block;\">\n\t<i class=\"dt-icon-the7-misc-006-2\"><\/i>\n<\/div><\/div><\/div><\/div><div class=\"aio-icon-header\" ><h3 class=\"aio-icon-title ult-responsive\"  data-ultimate-target='#Info-box-wrap-1417 .aio-icon-title'  data-responsive-json-new='{\"font-size\":\"desktop:15px;\",\"line-height\":\"desktop:30px;\"}'  style=\"\">\u00cenchiriere s\u0103li de conferin\u0163e<\/h3><\/div> <!-- header --><\/div> <!-- aio-icon-box --><\/a><\/div> <!-- aio-icon-component --><\/div><\/div><\/div><div class=\"wpb_column vc_column_container vc_col-sm-3\"><div class=\"vc_column-inner\"><div class=\"wpb_wrapper\"><div class=\"aio-icon-component   accent-icon-bg style_2\"><a class=\"aio-icon-box-link\" href=\"https:\/\/bife-sim.ro\/wp-content\/uploads\/2026\/02\/form_ro\/F1-ConstructieStand-2026-BIFE-SIM_DIGITAL.pdf\" target=\"_blank\" rel=\"noopener\" ><div id=\"Info-box-wrap-4398\" class=\"aio-icon-box top-icon\" style=\"\"  ><div class=\"aio-icon-top\"><div class=\"ult-just-icon-wrapper\"><div class=\"align-icon\" style=\"text-align:center;\">\n<div class=\"aio-icon circle\"  style=\"color:#FFFFFF;background:#00000000;font-size:20px;display:inline-block;\">\n\t<i class=\"dt-icon-the7-misc-006-2\"><\/i>\n<\/div><\/div><\/div><\/div><div class=\"aio-icon-header\" ><h3 class=\"aio-icon-title ult-responsive\"  data-ultimate-target='#Info-box-wrap-4398 .aio-icon-title'  data-responsive-json-new='{\"font-size\":\"desktop:15px;\",\"line-height\":\"desktop:30px;\"}'  style=\"\">\u00cenc\u0103rcare \/ Desc\u0103rcare \/ Manipulare<\/h3><\/div> <!-- header --><\/div> <!-- aio-icon-box --><\/a><\/div> <!-- aio-icon-component --><div class=\"aio-icon-component   accent-icon-bg style_2\"><a class=\"aio-icon-box-link\" href=\"https:\/\/bife-sim.ro\/wp-content\/uploads\/2026\/02\/form_ro\/F5-Stand-terti-2026-BIFE-SIM__DIGITAL.pdf\" target=\"_blank\" rel=\"noopener\" ><div id=\"Info-box-wrap-8805\" class=\"aio-icon-box top-icon\" style=\"\"  ><div class=\"aio-icon-top\"><div class=\"ult-just-icon-wrapper\"><div class=\"align-icon\" style=\"text-align:center;\">\n<div class=\"aio-icon circle\"  style=\"color:#FFFFFF;background:#00000000;font-size:20px;display:inline-block;\">\n\t<i class=\"dt-icon-the7-misc-006-2\"><\/i>\n<\/div><\/div><\/div><\/div><div class=\"aio-icon-header\" ><h3 class=\"aio-icon-title ult-responsive\"  data-ultimate-target='#Info-box-wrap-8805 .aio-icon-title'  data-responsive-json-new='{\"font-size\":\"desktop:15px;\",\"line-height\":\"desktop:30px;\"}'  style=\"\">\u00cenchiriere servicii cur\u0103\u0163enie stand<\/h3><\/div> <!-- header --><\/div> <!-- aio-icon-box --><\/a><\/div> <!-- aio-icon-component --><div class=\"aio-icon-component   accent-icon-bg style_2\"><a class=\"aio-icon-box-link\" href=\"https:\/\/bife-sim.ro\/wp-content\/uploads\/2026\/02\/form_ro\/F5-Stand-terti-2026-BIFE-SIM__DIGITAL.pdf\" target=\"_blank\" rel=\"noopener\" ><div id=\"Info-box-wrap-6271\" class=\"aio-icon-box top-icon\" style=\"\"  ><div class=\"aio-icon-top\"><div class=\"ult-just-icon-wrapper\"><div class=\"align-icon\" style=\"text-align:center;\">\n<div class=\"aio-icon circle\"  style=\"color:#FFFFFF;background:#00000000;font-size:20px;display:inline-block;\">\n\t<i class=\"dt-icon-the7-misc-006-2\"><\/i>\n<\/div><\/div><\/div><\/div><div class=\"aio-icon-header\" ><h3 class=\"aio-icon-title ult-responsive\"  data-ultimate-target='#Info-box-wrap-6271 .aio-icon-title'  data-responsive-json-new='{\"font-size\":\"desktop:15px;\",\"line-height\":\"desktop:30px;\"}'  style=\"\">Instala\u0163ii electrice<\/h3><\/div> <!-- header --><\/div> <!-- aio-icon-box --><\/a><\/div> <!-- aio-icon-component --><div class=\"aio-icon-component   accent-icon-bg style_2\"><a class=\"aio-icon-box-link\" href=\"https:\/\/bife-sim.ro\/wp-content\/uploads\/2026\/02\/form_ro\/F5-Stand-terti-2026-BIFE-SIM__DIGITAL.pdf\" target=\"_blank\" rel=\"noopener\" ><div id=\"Info-box-wrap-7259\" class=\"aio-icon-box top-icon\" style=\"\"  ><div class=\"aio-icon-top\"><div class=\"ult-just-icon-wrapper\"><div class=\"align-icon\" style=\"text-align:center;\">\n<div class=\"aio-icon circle\"  style=\"color:#FFFFFF;background:#00000000;font-size:20px;display:inline-block;\">\n\t<i class=\"dt-icon-the7-misc-006-2\"><\/i>\n<\/div><\/div><\/div><\/div><div class=\"aio-icon-header\" ><h3 class=\"aio-icon-title ult-responsive\"  data-ultimate-target='#Info-box-wrap-7259 .aio-icon-title'  data-responsive-json-new='{\"font-size\":\"desktop:15px;\",\"line-height\":\"desktop:30px;\"}'  style=\"\">\u00cenchiriere servicii grafic\u0103<\/h3><\/div> <!-- header --><\/div> <!-- aio-icon-box --><\/a><\/div> <!-- aio-icon-component --><\/div><\/div><\/div><div class=\"wpb_column vc_column_container vc_col-sm-3\"><div class=\"vc_column-inner\"><div class=\"wpb_wrapper\"><div class=\"aio-icon-component   accent-icon-bg style_2\"><a class=\"aio-icon-box-link\" href=\"https:\/\/bife-sim.ro\/wp-content\/uploads\/2026\/02\/form_ro\/F2-Tematica-BIFE-SIM.pdf\" target=\"_blank\" rel=\"noopener\" ><div id=\"Info-box-wrap-8121\" class=\"aio-icon-box top-icon\" style=\"\"  ><div class=\"aio-icon-top\"><div class=\"ult-just-icon-wrapper\"><div class=\"align-icon\" style=\"text-align:center;\">\n<div class=\"aio-icon circle\"  style=\"color:#FFFFFF;background:#00000000;font-size:20px;display:inline-block;\">\n\t<i class=\"dt-icon-the7-misc-006-2\"><\/i>\n<\/div><\/div><\/div><\/div><div class=\"aio-icon-header\" ><h3 class=\"aio-icon-title ult-responsive\"  data-ultimate-target='#Info-box-wrap-8121 .aio-icon-title'  data-responsive-json-new='{\"font-size\":\"desktop:15px;\",\"line-height\":\"desktop:30px;\"}'  style=\"\">\u00cenchiriere instala\u0163ii sanitare<\/h3><\/div> <!-- header --><\/div> <!-- aio-icon-box --><\/a><\/div> <!-- aio-icon-component --><div class=\"aio-icon-component   accent-icon-bg style_2\"><a class=\"aio-icon-box-link\" href=\"https:\/\/bife-sim.ro\/wp-content\/uploads\/2026\/02\/form_ro\/F6-ProtectieDate-2026-BIFE-SIM_DIGITAL.pdf\" target=\"_blank\" rel=\"noopener\" ><div id=\"Info-box-wrap-4008\" class=\"aio-icon-box top-icon\" style=\"\"  ><div class=\"aio-icon-top\"><div class=\"ult-just-icon-wrapper\"><div class=\"align-icon\" style=\"text-align:center;\">\n<div class=\"aio-icon circle\"  style=\"color:#FFFFFF;background:#00000000;font-size:20px;display:inline-block;\">\n\t<i class=\"dt-icon-the7-misc-006-2\"><\/i>\n<\/div><\/div><\/div><\/div><div class=\"aio-icon-header\" ><h3 class=\"aio-icon-title ult-responsive\"  data-ultimate-target='#Info-box-wrap-4008 .aio-icon-title'  data-responsive-json-new='{\"font-size\":\"desktop:15px;\",\"line-height\":\"desktop:30px;\"}'  style=\"\">\u00cenchiriere aer comprimat<\/h3><\/div> <!-- header --><\/div> <!-- aio-icon-box --><\/a><\/div> <!-- aio-icon-component --><div class=\"aio-icon-component   accent-icon-bg style_2\"><a class=\"aio-icon-box-link\" href=\"https:\/\/bife-sim.ro\/wp-content\/uploads\/2026\/02\/form_ro\/F6-ProtectieDate-2026-BIFE-SIM_DIGITAL.pdf\" target=\"_blank\" rel=\"noopener\" ><div id=\"Info-box-wrap-8776\" class=\"aio-icon-box top-icon\" style=\"\"  ><div class=\"aio-icon-top\"><div class=\"ult-just-icon-wrapper\"><div class=\"align-icon\" style=\"text-align:center;\">\n<div class=\"aio-icon circle\"  style=\"color:#FFFFFF;background:#00000000;font-size:20px;display:inline-block;\">\n\t<i class=\"dt-icon-the7-misc-006-2\"><\/i>\n<\/div><\/div><\/div><\/div><div class=\"aio-icon-header\" ><h3 class=\"aio-icon-title ult-responsive\"  data-ultimate-target='#Info-box-wrap-8776 .aio-icon-title'  data-responsive-json-new='{\"font-size\":\"desktop:15px;\",\"line-height\":\"desktop:30px;\"}'  style=\"\">\u00cenchiriere servicii date \u015fi internet<\/h3><\/div> <!-- header --><\/div> <!-- aio-icon-box --><\/a><\/div> <!-- aio-icon-component --><div class=\"aio-icon-component   accent-icon-bg style_2\"><a class=\"aio-icon-box-link\" href=\"https:\/\/bife-sim.ro\/wp-content\/uploads\/2026\/02\/form_ro\/F6-ProtectieDate-2026-BIFE-SIM_DIGITAL.pdf\" target=\"_blank\" rel=\"noopener\" ><div id=\"Info-box-wrap-7005\" class=\"aio-icon-box top-icon\" style=\"\"  ><div class=\"aio-icon-top\"><div class=\"ult-just-icon-wrapper\"><div class=\"align-icon\" style=\"text-align:center;\">\n<div class=\"aio-icon circle\"  style=\"color:#FFFFFF;background:#00000000;font-size:20px;display:inline-block;\">\n\t<i class=\"dt-icon-the7-misc-006-2\"><\/i>\n<\/div><\/div><\/div><\/div><div class=\"aio-icon-header\" ><h3 class=\"aio-icon-title ult-responsive\"  data-ultimate-target='#Info-box-wrap-7005 .aio-icon-title'  data-responsive-json-new='{\"font-size\":\"desktop:15px;\",\"line-height\":\"desktop:30px;\"}'  style=\"\">Fixarea structurilor la \u00een\u0103l\u021bime \u00een Pavilioanele B<\/h3><\/div> <!-- header --><\/div> <!-- aio-icon-box --><\/a><\/div> <!-- aio-icon-component --><\/div><\/div><\/div><div class=\"wpb_column vc_column_container vc_col-sm-3\"><div class=\"vc_column-inner\"><div class=\"wpb_wrapper\"><div class=\"aio-icon-component   accent-icon-bg style_2\"><a class=\"aio-icon-box-link\" href=\"https:\/\/bife-sim.ro\/wp-content\/uploads\/2026\/02\/form_ro\/F2-Tematica-BIFE-SIM.pdf\" target=\"_blank\" rel=\"noopener\" ><div id=\"Info-box-wrap-1257\" class=\"aio-icon-box top-icon\" style=\"\"  ><div class=\"aio-icon-top\"><div class=\"ult-just-icon-wrapper\"><div class=\"align-icon\" style=\"text-align:center;\">\n<div class=\"aio-icon circle\"  style=\"color:#FFFFFF;background:#00000000;font-size:20px;display:inline-block;\">\n\t<i class=\"dt-icon-the7-misc-006-2\"><\/i>\n<\/div><\/div><\/div><\/div><div class=\"aio-icon-header\" ><h3 class=\"aio-icon-title ult-responsive\"  data-ultimate-target='#Info-box-wrap-1257 .aio-icon-title'  data-responsive-json-new='{\"font-size\":\"desktop:15px;\",\"line-height\":\"desktop:30px;\"}'  style=\"\">Distribu\u0163ie materiale promo\u0163ionale<\/h3><\/div> <!-- header --><\/div> <!-- aio-icon-box --><\/a><\/div> <!-- aio-icon-component --><div class=\"aio-icon-component   accent-icon-bg style_2\"><a class=\"aio-icon-box-link\" href=\"https:\/\/bife-sim.ro\/wp-content\/uploads\/2026\/02\/form_ro\/F2-Tematica-BIFE-SIM.pdf\" target=\"_blank\" rel=\"noopener\" ><div id=\"Info-box-wrap-4294\" class=\"aio-icon-box top-icon\" style=\"\"  ><div class=\"aio-icon-top\"><div class=\"ult-just-icon-wrapper\"><div class=\"align-icon\" style=\"text-align:center;\">\n<div class=\"aio-icon circle\"  style=\"color:#FFFFFF;background:#00000000;font-size:20px;display:inline-block;\">\n\t<i class=\"dt-icon-the7-misc-006-2\"><\/i>\n<\/div><\/div><\/div><\/div><div class=\"aio-icon-header\" ><h3 class=\"aio-icon-title ult-responsive\"  data-ultimate-target='#Info-box-wrap-4294 .aio-icon-title'  data-responsive-json-new='{\"font-size\":\"desktop:15px;\",\"line-height\":\"desktop:30px;\"}'  style=\"\">\u00cenchiriere servicii paz\u0103 stand<\/h3><\/div> <!-- header --><\/div> <!-- aio-icon-box --><\/a><\/div> <!-- aio-icon-component --><div class=\"aio-icon-component   accent-icon-bg style_2\"><a class=\"aio-icon-box-link\" href=\"https:\/\/bife-sim.ro\/wp-content\/uploads\/2026\/02\/form_ro\/F2-Tematica-BIFE-SIM.pdf\" target=\"_blank\" rel=\"noopener\" ><div id=\"Info-box-wrap-7165\" class=\"aio-icon-box top-icon\" style=\"\"  ><div class=\"aio-icon-top\"><div class=\"ult-just-icon-wrapper\"><div class=\"align-icon\" style=\"text-align:center;\">\n<div class=\"aio-icon circle\"  style=\"color:#FFFFFF;background:#00000000;font-size:20px;display:inline-block;\">\n\t<i class=\"dt-icon-the7-misc-006-2\"><\/i>\n<\/div><\/div><\/div><\/div><div class=\"aio-icon-header\" ><h3 class=\"aio-icon-title ult-responsive\"  data-ultimate-target='#Info-box-wrap-7165 .aio-icon-title'  data-responsive-json-new='{\"font-size\":\"desktop:15px;\",\"line-height\":\"desktop:30px;\"}'  style=\"\">\u00cenchirierea serviciilor pentru organizarea unui eveniment la stand<\/h3><\/div> <!-- header --><\/div> <!-- aio-icon-box --><\/a><\/div> <!-- aio-icon-component --><\/div><\/div><\/div><\/div>\n<\/div>","protected":false},"excerpt":{"rendered":"<p>1. Completeaz\u0103 formularele de \u00eenscriere Adeziune Contract Co-expozan\u021bi Construc\u021bie stand Amenajare Proprie \/ cu Ter\u021bi Tematica expozi\u021biei Protec\u021bie Date 2. Completeaz\u0103 formularul potrivit nevoilor tale \u00cenchiriere mobilier Reclam\u0103 Indoor \/ Outdoor Parking-uri \u00cenchiriere s\u0103li de conferin\u0163e \u00cenc\u0103rcare \/ Desc\u0103rcare \/ Manipulare \u00cenchiriere servicii cur\u0103\u0163enie stand Instala\u0163ii electrice \u00cenchiriere servicii grafic\u0103 \u00cenchiriere instala\u0163ii sanitare \u00cenchiriere aer&hellip;<\/p>","protected":false},"author":1,"featured_media":0,"parent":0,"menu_order":0,"comment_status":"closed","ping_status":"closed","template":"","meta":{"_monsterinsights_skip_tracking":false,"_monsterinsights_sitenote_active":false,"_monsterinsights_sitenote_note":"","_monsterinsights_sitenote_category":0,"_uf_show_specific_survey":0,"_uf_disable_surveys":false,"footnotes":""},"class_list":["post-1570","page","type-page","status-publish","hentry","description-off"],"aioseo_notices":[],"jetpack_sharing_enabled":true,"_links":{"self":[{"href":"https:\/\/bife-sim.ro\/en\/wp-json\/wp\/v2\/pages\/1570","targetHints":{"allow":["GET"]}}],"collection":[{"href":"https:\/\/bife-sim.ro\/en\/wp-json\/wp\/v2\/pages"}],"about":[{"href":"https:\/\/bife-sim.ro\/en\/wp-json\/wp\/v2\/types\/page"}],"author":[{"embeddable":true,"href":"https:\/\/bife-sim.ro\/en\/wp-json\/wp\/v2\/users\/1"}],"replies":[{"embeddable":true,"href":"https:\/\/bife-sim.ro\/en\/wp-json\/wp\/v2\/comments?post=1570"}],"version-history":[{"count":11,"href":"https:\/\/bife-sim.ro\/en\/wp-json\/wp\/v2\/pages\/1570\/revisions"}],"predecessor-version":[{"id":1647,"href":"https:\/\/bife-sim.ro\/en\/wp-json\/wp\/v2\/pages\/1570\/revisions\/1647"}],"wp:attachment":[{"href":"https:\/\/bife-sim.ro\/en\/wp-json\/wp\/v2\/media?parent=1570"}],"curies":[{"name":"wp","href":"https:\/\/api.w.org\/{rel}","templated":true}]}}