{"id":7,"date":"2018-11-06T10:34:45","date_gmt":"2018-11-06T10:34:45","guid":{"rendered":"https:\/\/bife-sim.ro\/about\/"},"modified":"2026-03-18T10:19:27","modified_gmt":"2026-03-18T08:19:27","slug":"info-expozanti","status":"publish","type":"page","link":"https:\/\/bife-sim.ro\/en\/info-expozanti\/","title":{"rendered":"Exhibitor info"},"content":{"rendered":"<div class=\"wpb-content-wrapper\"><div class=\"vc_row wpb_row vc_row-fluid vc_custom_1561964015799 vc_row-o-equal-height vc_row-o-content-middle vc_row-flex\"><div class=\"wpb_column vc_column_container vc_col-sm-6\"><div class=\"vc_column-inner vc_custom_1561963982378\"><div class=\"wpb_wrapper\"><div id=\"ultimate-heading-59516a095f6b08c29\" class=\"uvc-heading ult-adjust-bottom-margin ultimate-heading-59516a095f6b08c29 uvc-6082\" data-hspacer=\"no_spacer\"  data-halign=\"left\" style=\"text-align:left\"><div class=\"uvc-heading-spacer no_spacer\" style=\"top\"><\/div><div class=\"uvc-main-heading ult-responsive\"  data-ultimate-target='.uvc-heading.ultimate-heading-59516a095f6b08c29 h2'  data-responsive-json-new='{\"font-size\":\"desktop:20px;\",\"line-height\":\"\"}' ><h2 style=\"--font-weight:theme;margin-bottom:30px;\">The Romanian furniture industry is taking on the future. Be part of this moment.<\/h2><\/div><div class=\"uvc-sub-heading ult-responsive\"  data-ultimate-target='.uvc-heading.ultimate-heading-59516a095f6b08c29 .uvc-sub-heading '  data-responsive-json-new='{\"font-size\":\"\",\"line-height\":\"\"}'  style=\"font-weight:normal;\"><\/p>\n<p style=\"text-align: justify;\">BIFE-SIM 2026 marks a new stage in the evolution of the most important event dedicated to the furniture, architecture, design and woodworking technology industry. With an expanded exhibition area in two pavilions and a clear vision of development, the 2026 edition becomes more than just an exhibition space: it becomes a strategic platform for positioning, connecting and growing for companies that want to matter.<\/p>\n<p style=\"text-align: justify;\">Supported by ROMEXPO, APMR and ARDI, BIFE-SIM 2026 brings together the community that shapes the direction of this industry and creates the right framework for strengthening business relationships, launching products, increasing visibility and accessing new commercial opportunities, both nationally and regionally.<\/p>\n<p><\/div><\/div><\/div><\/div><\/div><div class=\"wpb_column vc_column_container vc_col-sm-6\"><div class=\"vc_column-inner\"><div class=\"wpb_wrapper\">\n\t<div  class=\"wpb_single_image wpb_content_element vc_align_left  vc_custom_1773760441729\">\n\t\t\n\t\t<figure class=\"wpb_wrapper vc_figure\">\n\t\t\t<div class=\"vc_single_image-wrapper   vc_box_border_grey\"><img loading=\"lazy\" decoding=\"async\" width=\"2560\" height=\"1293\" src=\"https:\/\/bife-sim.ro\/wp-content\/uploads\/2026\/03\/12-scaled.jpeg\" class=\"vc_single_image-img attachment-full\" alt=\"\" title=\"12\" srcset=\"https:\/\/bife-sim.ro\/wp-content\/uploads\/2026\/03\/12-scaled.jpeg 2560w, https:\/\/bife-sim.ro\/wp-content\/uploads\/2026\/03\/12-300x151.jpeg 300w, https:\/\/bife-sim.ro\/wp-content\/uploads\/2026\/03\/12-1024x517.jpeg 1024w, https:\/\/bife-sim.ro\/wp-content\/uploads\/2026\/03\/12-768x388.jpeg 768w, https:\/\/bife-sim.ro\/wp-content\/uploads\/2026\/03\/12-1536x776.jpeg 1536w, https:\/\/bife-sim.ro\/wp-content\/uploads\/2026\/03\/12-2048x1034.jpeg 2048w\" sizes=\"auto, (max-width: 2560px) 100vw, 2560px\"  data-dt-location=\"https:\/\/bife-sim.ro\/en\/info-expozanti\/attachment\/12\/\" \/><\/div>\n\t\t<\/figure>\n\t<\/div>\n<\/div><\/div><\/div><\/div><div class=\"vc_row wpb_row vc_row-fluid vc_custom_1561964015799 vc_row-o-equal-height vc_row-o-content-middle vc_row-flex\"><div class=\"wpb_column vc_column_container vc_col-sm-6\"><div class=\"vc_column-inner vc_custom_1561963982378\"><div class=\"wpb_wrapper\">\n\t<div  class=\"wpb_single_image wpb_content_element vc_align_left  vc_custom_1769070395617\">\n\t\t\n\t\t<figure class=\"wpb_wrapper vc_figure\">\n\t\t\t<div class=\"vc_single_image-wrapper   vc_box_border_grey\"><img loading=\"lazy\" decoding=\"async\" width=\"2560\" height=\"1441\" src=\"https:\/\/bife-sim.ro\/wp-content\/uploads\/2026\/01\/20250921_115049-scaled.jpg\" class=\"vc_single_image-img attachment-full\" alt=\"\" title=\"20250921_115049\" srcset=\"https:\/\/bife-sim.ro\/wp-content\/uploads\/2026\/01\/20250921_115049-scaled.jpg 2560w, https:\/\/bife-sim.ro\/wp-content\/uploads\/2026\/01\/20250921_115049-300x169.jpg 300w, https:\/\/bife-sim.ro\/wp-content\/uploads\/2026\/01\/20250921_115049-1024x577.jpg 1024w, https:\/\/bife-sim.ro\/wp-content\/uploads\/2026\/01\/20250921_115049-768x432.jpg 768w, https:\/\/bife-sim.ro\/wp-content\/uploads\/2026\/01\/20250921_115049-1536x865.jpg 1536w, https:\/\/bife-sim.ro\/wp-content\/uploads\/2026\/01\/20250921_115049-2048x1153.jpg 2048w\" sizes=\"auto, (max-width: 2560px) 100vw, 2560px\"  data-dt-location=\"https:\/\/bife-sim.ro\/en\/info-expozanti\/20250921_115049\/\" \/><\/div>\n\t\t<\/figure>\n\t<\/div>\n<\/div><\/div><\/div><div class=\"wpb_column vc_column_container vc_col-sm-6\"><div class=\"vc_column-inner\"><div class=\"wpb_wrapper\"><div id=\"ultimate-heading-67146a095f6b0a1c2\" class=\"uvc-heading ult-adjust-bottom-margin ultimate-heading-67146a095f6b0a1c2 uvc-3531\" data-hspacer=\"no_spacer\"  data-halign=\"left\" style=\"text-align:left\"><div class=\"uvc-heading-spacer no_spacer\" style=\"top\"><\/div><div class=\"uvc-sub-heading ult-responsive\"  data-ultimate-target='.uvc-heading.ultimate-heading-67146a095f6b0a1c2 .uvc-sub-heading '  data-responsive-json-new='{\"font-size\":\"\",\"line-height\":\"\"}'  style=\"font-weight:normal;\"><\/p>\n<p style=\"text-align: justify;\">In a context where the market needs collaboration, relevance and investment courage, participating as an exhibitor means more than just being present at a trade fair. It means presenting your brand to a specialized audience, entering into direct dialogue with partners, customers and decision-makers, affirming your position in the industry and actively contributing to building a common direction for the future.<\/p>\n<p style=\"text-align: justify;\">Hall B2 will bring together companies from the furniture, design, decoration, accessories and wood products sectors, while Hall B1 will highlight technology, machinery and innovations dedicated to wood processing. Together, the two spaces will reflect the strength, diversity and potential of an industry ready to reinvent itself and assert itself more strongly on the international stage.<\/p>\n<p style=\"text-align: justify;\">If you represent a brand, a manufacturing company, a supplier of materials or technology, a design studio or a business that contributes to the development of this ecosystem, now is the time to be present at BIFE-SIM 2026. Visibility is built through participation, partnerships through direct meetings, and the future of the industry through the involvement of those who choose to be part of it.<\/p>\n<p><\/div><\/div><\/div><\/div><\/div><\/div><div class=\"vc_row wpb_row vc_row-fluid vc_row-o-equal-height vc_row-o-content-middle vc_row-flex\"><div class=\"wpb_column vc_column_container vc_col-sm-12\"><div class=\"vc_column-inner\"><div class=\"wpb_wrapper\"><div id=\"ultimate-heading-20686a095f6b0a57a\" class=\"uvc-heading ult-adjust-bottom-margin ultimate-heading-20686a095f6b0a57a uvc-4306\" data-hspacer=\"no_spacer\"  data-halign=\"center\" style=\"text-align:center\"><div class=\"uvc-heading-spacer no_spacer\" style=\"top\"><\/div><div class=\"uvc-main-heading ult-responsive\"  data-ultimate-target='.uvc-heading.ultimate-heading-20686a095f6b0a57a h2'  data-responsive-json-new='{\"font-size\":\"desktop:20px;\",\"line-height\":\"\"}' ><h2 style=\"--font-weight:theme;margin-bottom:30px;\">Reserve your space and join the companies building the future of the industry at BIFE-SIM 2026.<\/h2><\/div><\/div><\/div><\/div><\/div><\/div><div class=\"vc_row wpb_row vc_row-fluid vc_custom_1561964153013 vc_row-o-equal-height vc_row-o-content-middle vc_row-flex\"><div class=\"wpb_column vc_column_container vc_col-sm-6\"><div class=\"vc_column-inner\"><div class=\"wpb_wrapper\"><div id=\"ultimate-heading-48076a095f6b0a8e8\" class=\"uvc-heading ult-adjust-bottom-margin ultimate-heading-48076a095f6b0a8e8 uvc-5440  uvc-heading-default-font-sizes\" data-hspacer=\"no_spacer\"  data-halign=\"left\" style=\"text-align:left\"><div class=\"uvc-heading-spacer no_spacer\" style=\"top\"><\/div><div class=\"uvc-sub-heading ult-responsive\"  data-ultimate-target='.uvc-heading.ultimate-heading-48076a095f6b0a8e8 .uvc-sub-heading '  data-responsive-json-new='{\"font-size\":\"\",\"line-height\":\"\"}'  style=\"font-weight:normal;\"><\/p>\n<div id=\"ultimate-heading-79936851565b7f54e\" class=\"uvc-heading ult-adjust-bottom-margin ultimate-heading-79936851565b7f54e uvc-2211 color-title accent-title-color\" data-hspacer=\"no_spacer\" data-halign=\"left\">\n<div class=\"uvc-main-heading ult-responsive\" data-ultimate-target=\".uvc-heading.ultimate-heading-79936851565b7f54e h2\" data-responsive-json-new=\"{&quot;font-size&quot;:&quot;desktop:15px;&quot;,&quot;line-height&quot;:&quot;desktop:26px;&quot;}\">\n<h2>Arrangement period:<\/h2>\n<\/div>\n<\/div>\n<div class=\"standard-arrow bullet-top\">\n<ul>\n<li>For companies that build their own stands or with a third party: 10 \u2013 16.09.2026, time interval 08:00 \u2013 20:00 (access Bulevardul Poligrafiei, 2, E-Romexpo Gate, Pavilion B1 and B2)<\/li>\n<li>For companies building stands with Romexpo: 15 \u2013 16.09.2026, time interval 08:00 \u2013 20:00 (access Bulevardul Poligrafiei, 2, Gate E \u2013 Romexpo, Pavilion B1 and B2)<\/li>\n<\/ul>\n<\/div>\n<div id=\"ultimate-heading-23216851565b7f5ef\" class=\"uvc-heading ult-adjust-bottom-margin ultimate-heading-23216851565b7f5ef uvc-5809 color-title accent-title-color\" data-hspacer=\"no_spacer\" data-halign=\"left\">\n<div class=\"uvc-main-heading ult-responsive\" data-ultimate-target=\".uvc-heading.ultimate-heading-23216851565b7f5ef h2\" data-responsive-json-new=\"{&quot;font-size&quot;:&quot;desktop:15px;&quot;,&quot;line-height&quot;:&quot;desktop:26px;&quot;}\">\n<h2>Decommissioning period:<\/h2>\n<\/div>\n<\/div>\n<div class=\"standard-arrow bullet-top\">\n<ul>\n<li>20.09.2026, time interval 16:00 \u2013 20:00 (access Bulevardul Poligrafiei, 2, E-Romexpo Gate, Pavilion B1 and B2)<\/li>\n<li>21 \u2013 22.09.2026, time interval 08:00 \u2013 20:00 (access Bulevardul Poligrafiei, 2, Gate E \u2013 Romexpo, Pavilion B1 and B2)<\/li>\n<\/ul>\n<\/div>\n<p><\/div><\/div><\/div><\/div><\/div><div class=\"wpb_column vc_column_container vc_col-sm-6\"><div class=\"vc_column-inner vc_custom_1562003166274\"><div class=\"wpb_wrapper\">\n\t<div  class=\"wpb_single_image wpb_content_element vc_align_left  vc_custom_1769070746952\">\n\t\t\n\t\t<figure class=\"wpb_wrapper vc_figure\">\n\t\t\t<div class=\"vc_single_image-wrapper   vc_box_border_grey\"><img loading=\"lazy\" decoding=\"async\" width=\"2560\" height=\"1441\" src=\"https:\/\/bife-sim.ro\/wp-content\/uploads\/2026\/01\/20250921_115439-scaled.jpg\" class=\"vc_single_image-img attachment-full\" alt=\"\" title=\"20250921_115439\" srcset=\"https:\/\/bife-sim.ro\/wp-content\/uploads\/2026\/01\/20250921_115439-scaled.jpg 2560w, https:\/\/bife-sim.ro\/wp-content\/uploads\/2026\/01\/20250921_115439-300x169.jpg 300w, https:\/\/bife-sim.ro\/wp-content\/uploads\/2026\/01\/20250921_115439-1024x577.jpg 1024w, https:\/\/bife-sim.ro\/wp-content\/uploads\/2026\/01\/20250921_115439-768x432.jpg 768w, https:\/\/bife-sim.ro\/wp-content\/uploads\/2026\/01\/20250921_115439-1536x865.jpg 1536w, https:\/\/bife-sim.ro\/wp-content\/uploads\/2026\/01\/20250921_115439-2048x1153.jpg 2048w\" sizes=\"auto, (max-width: 2560px) 100vw, 2560px\"  data-dt-location=\"https:\/\/bife-sim.ro\/en\/info-expozanti\/20250921_115439\/\" \/><\/div>\n\t\t<\/figure>\n\t<\/div>\n<\/div><\/div><\/div><\/div>\n<\/div>","protected":false},"excerpt":{"rendered":"<p>Industria mobilei din Rom\u00e2nia \u00ee\u0219i asum\u0103 viitorul. Fii parte din acest moment. BIFE-SIM 2026 marcheaz\u0103 o nou\u0103 etap\u0103 \u00een evolu\u021bia celui mai important eveniment dedicat industriei de mobil\u0103, arhitectur\u0103, design \u0219i tehnologie pentru prelucrarea lemnului. Cu o suprafa\u021b\u0103 expozi\u021bional\u0103 extins\u0103 \u00een dou\u0103 pavilioane \u0219i cu o viziune clar\u0103 de dezvoltare, edi\u021bia din 2026 devine mai&hellip;<\/p>","protected":false},"author":1,"featured_media":0,"parent":0,"menu_order":0,"comment_status":"closed","ping_status":"closed","template":"","meta":{"_monsterinsights_skip_tracking":false,"_monsterinsights_sitenote_active":false,"_monsterinsights_sitenote_note":"","_monsterinsights_sitenote_category":0,"_uf_show_specific_survey":0,"_uf_disable_surveys":false,"footnotes":""},"class_list":["post-7","page","type-page","status-publish","hentry","description-off"],"aioseo_notices":[],"jetpack_sharing_enabled":true,"_links":{"self":[{"href":"https:\/\/bife-sim.ro\/en\/wp-json\/wp\/v2\/pages\/7","targetHints":{"allow":["GET"]}}],"collection":[{"href":"https:\/\/bife-sim.ro\/en\/wp-json\/wp\/v2\/pages"}],"about":[{"href":"https:\/\/bife-sim.ro\/en\/wp-json\/wp\/v2\/types\/page"}],"author":[{"embeddable":true,"href":"https:\/\/bife-sim.ro\/en\/wp-json\/wp\/v2\/users\/1"}],"replies":[{"embeddable":true,"href":"https:\/\/bife-sim.ro\/en\/wp-json\/wp\/v2\/comments?post=7"}],"version-history":[{"count":22,"href":"https:\/\/bife-sim.ro\/en\/wp-json\/wp\/v2\/pages\/7\/revisions"}],"predecessor-version":[{"id":1587,"href":"https:\/\/bife-sim.ro\/en\/wp-json\/wp\/v2\/pages\/7\/revisions\/1587"}],"wp:attachment":[{"href":"https:\/\/bife-sim.ro\/en\/wp-json\/wp\/v2\/media?parent=7"}],"curies":[{"name":"wp","href":"https:\/\/api.w.org\/{rel}","templated":true}]}}